{"id":11,"date":"2022-06-30T11:43:11","date_gmt":"2022-06-30T11:43:11","guid":{"rendered":"https:\/\/planet-green.fr\/?page_id=11"},"modified":"2023-07-18T10:49:08","modified_gmt":"2023-07-18T08:49:08","slug":"contact","status":"publish","type":"page","link":"https:\/\/planet-green.fr\/?page_id=11","title":{"rendered":"Contact"},"content":{"rendered":"\t\t<div data-elementor-type=\"wp-page\" data-elementor-id=\"11\" class=\"elementor elementor-11\" data-elementor-post-type=\"page\">\n\t\t\t\t\t\t<section class=\"elementor-section elementor-top-section elementor-element elementor-element-19512f52 elementor-section-boxed elementor-section-height-default elementor-section-height-default\" data-id=\"19512f52\" data-element_type=\"section\">\n\t\t\t\t\t\t<div class=\"elementor-container elementor-column-gap-default\">\n\t\t\t\t\t<div class=\"elementor-column elementor-col-100 elementor-top-column elementor-element elementor-element-40c67c57\" data-id=\"40c67c57\" data-element_type=\"column\">\n\t\t\t<div class=\"elementor-widget-wrap elementor-element-populated\">\n\t\t\t\t\t\t<div class=\"elementor-element elementor-element-4ef77102 elementor-widget__width-initial elementor-widget elementor-widget-text-editor\" data-id=\"4ef77102\" data-element_type=\"widget\" data-widget_type=\"text-editor.default\">\n\t\t\t\t<div class=\"elementor-widget-container\">\n\t\t\t\t\t\t\t\t\t<p><\/p>\n<p><u><b>T\u00e9l\u00e9phone portable:<\/b><\/u><b>&nbsp;06 14 82 48 78<\/b><\/p>\n<p><span style=\"text-decoration: underline;\"><strong><\/strong><\/span><\/p>\n<p><span style=\"text-decoration: underline;\"><strong><\/strong><\/span><\/p>\n<p><span style=\"text-decoration: underline;\"><strong>E-mail:<\/strong><\/span> <strong>contact@planet-help.fr<\/strong><\/p>\n<p><span style=\"text-decoration: underline;\"><strong><\/strong><\/span><\/p>\n<p><span style=\"text-decoration: underline;\"><strong><\/strong><\/span><\/p>\n<p><span style=\"text-decoration: underline;\"><strong>Adresse postale:<\/strong><\/span> <strong>3 r\u00e9sidence du Coteau 76360 Villers Ecalles<\/strong><\/p>\n<p><\/p>\n<p><\/p>\n<p><\/p>\t\t\t\t\t\t\t\t<\/div>\n\t\t\t\t<\/div>\n\t\t\t\t\t<\/div>\n\t\t<\/div>\n\t\t\t\t\t<\/div>\n\t\t<\/section>\n\t\t\t\t<section class=\"elementor-section elementor-top-section elementor-element elementor-element-5245831 elementor-section-boxed elementor-section-height-default elementor-section-height-default\" data-id=\"5245831\" data-element_type=\"section\">\n\t\t\t\t\t\t<div class=\"elementor-container elementor-column-gap-default\">\n\t\t\t\t\t<div class=\"elementor-column elementor-col-100 elementor-top-column elementor-element elementor-element-f341d93\" data-id=\"f341d93\" data-element_type=\"column\">\n\t\t\t<div class=\"elementor-widget-wrap elementor-element-populated\">\n\t\t\t\t\t\t<div class=\"elementor-element elementor-element-c32c9ac elementor-widget elementor-widget-google_maps\" data-id=\"c32c9ac\" data-element_type=\"widget\" data-widget_type=\"google_maps.default\">\n\t\t\t\t<div class=\"elementor-widget-container\">\n\t\t\t\t\t\t\t<div class=\"elementor-custom-embed\">\n\t\t\t<iframe loading=\"lazy\"\n\t\t\t\t\tsrc=\"https:\/\/maps.google.com\/maps?q=Planet%20green&#038;t=m&#038;z=10&#038;output=embed&#038;iwloc=near\"\n\t\t\t\t\ttitle=\"Planet green\"\n\t\t\t\t\taria-label=\"Planet green\"\n\t\t\t><\/iframe>\n\t\t<\/div>\n\t\t\t\t\t\t<\/div>\n\t\t\t\t<\/div>\n\t\t\t\t\t<\/div>\n\t\t<\/div>\n\t\t\t\t\t<\/div>\n\t\t<\/section>\n\t\t\t\t<\/div>\n\t\t","protected":false},"excerpt":{"rendered":"<p>T\u00e9l\u00e9phone portable:&nbsp;06 14 82 48 78 E-mail: contact@planet-help.fr Adresse postale: 3 r\u00e9sidence du Coteau 76360 Villers Ecalles<\/p>\n","protected":false},"author":1,"featured_media":0,"parent":0,"menu_order":0,"comment_status":"closed","ping_status":"closed","template":"","meta":{"om_disable_all_campaigns":false,"_monsterinsights_skip_tracking":false,"_monsterinsights_sitenote_active":false,"_monsterinsights_sitenote_note":"","_monsterinsights_sitenote_category":0,"footnotes":""},"aioseo_notices":[],"_links":{"self":[{"href":"https:\/\/planet-green.fr\/index.php?rest_route=\/wp\/v2\/pages\/11"}],"collection":[{"href":"https:\/\/planet-green.fr\/index.php?rest_route=\/wp\/v2\/pages"}],"about":[{"href":"https:\/\/planet-green.fr\/index.php?rest_route=\/wp\/v2\/types\/page"}],"author":[{"embeddable":true,"href":"https:\/\/planet-green.fr\/index.php?rest_route=\/wp\/v2\/users\/1"}],"replies":[{"embeddable":true,"href":"https:\/\/planet-green.fr\/index.php?rest_route=%2Fwp%2Fv2%2Fcomments&post=11"}],"version-history":[{"count":30,"href":"https:\/\/planet-green.fr\/index.php?rest_route=\/wp\/v2\/pages\/11\/revisions"}],"predecessor-version":[{"id":544,"href":"https:\/\/planet-green.fr\/index.php?rest_route=\/wp\/v2\/pages\/11\/revisions\/544"}],"wp:attachment":[{"href":"https:\/\/planet-green.fr\/index.php?rest_route=%2Fwp%2Fv2%2Fmedia&parent=11"}],"curies":[{"name":"wp","href":"https:\/\/api.w.org\/{rel}","templated":true}]}}