{"id":231,"date":"2022-09-14T19:31:07","date_gmt":"2022-09-14T17:31:07","guid":{"rendered":"https:\/\/planet-green.fr\/?page_id=231"},"modified":"2022-11-22T20:04:41","modified_gmt":"2022-11-22T18:04:41","slug":"mentions-legales","status":"publish","type":"page","link":"https:\/\/planet-green.fr\/?page_id=231","title":{"rendered":"Mentions l\u00e9gales"},"content":{"rendered":"\t\t<div data-elementor-type=\"wp-page\" data-elementor-id=\"231\" class=\"elementor elementor-231\" data-elementor-post-type=\"page\">\n\t\t\t\t\t\t<section class=\"elementor-section elementor-top-section elementor-element elementor-element-b70c918 elementor-section-boxed elementor-section-height-default elementor-section-height-default\" data-id=\"b70c918\" data-element_type=\"section\">\n\t\t\t\t\t\t<div class=\"elementor-container elementor-column-gap-default\">\n\t\t\t\t\t<div class=\"elementor-column elementor-col-100 elementor-top-column elementor-element elementor-element-ff408b5\" data-id=\"ff408b5\" data-element_type=\"column\">\n\t\t\t<div class=\"elementor-widget-wrap elementor-element-populated\">\n\t\t\t\t\t\t<div class=\"elementor-element elementor-element-2dfa94c elementor-widget elementor-widget-text-editor\" data-id=\"2dfa94c\" data-element_type=\"widget\" data-widget_type=\"text-editor.default\">\n\t\t\t\t<div class=\"elementor-widget-container\">\n\t\t\t\t\t\t\t\t\t<p style=\"margin-bottom: 19.2pt; line-height: normal; vertical-align: baseline;\"><span style=\"font-size: 13.5pt; font-family: 'Times New Roman',serif; mso-fareast-font-family: 'Times New Roman'; mso-fareast-language: FR;\">Merci de lire avec attention les diff\u00e9rentes modalit\u00e9s d\u2019utilisation du pr\u00e9sent site avant d\u2019y parcourir ses pages. En vous connectant sur ce site, vous acceptez, sans r\u00e9serve, les pr\u00e9sentes modalit\u00e9s.<\/span><\/p><p style=\"margin-bottom: 19.2pt; line-height: normal; vertical-align: baseline;\"><span style=\"font-size: 13.5pt; font-family: 'Times New Roman',serif; mso-fareast-font-family: 'Times New Roman'; mso-fareast-language: FR;\">Aussi, conform\u00e9ment \u00e0 l\u2019article n\u00b06 de la Loi n\u00b02004-575 du 21 Juin 2004 pour la confiance dans l\u2019\u00e9conomie num\u00e9rique, les responsables du pr\u00e9sent site internet\u00a0<\/span><a href=\"https:\/\/www.planet-green.fr\/\"><b><span style=\"font-size: 13.5pt; font-family: 'Times New Roman',serif; mso-fareast-font-family: 'Times New Roman'; mso-fareast-language: FR;\">https:\/\/www.planet-green.fr<\/span><\/b><\/a><span style=\"font-size: 13.5pt; font-family: 'Times New Roman',serif; mso-fareast-font-family: 'Times New Roman'; mso-fareast-language: FR;\">\u00a0sont :<\/span><\/p><p style=\"line-height: normal; mso-outline-level: 2; vertical-align: baseline;\"><b><span style=\"font-size: 18.0pt; font-family: 'Arial',sans-serif; mso-fareast-font-family: 'Times New Roman'; mso-bidi-font-family: 'Times New Roman'; mso-fareast-language: FR;\">\u00c9diteur du Site<\/span><\/b><\/p><p style=\"margin: 0cm 0cm 15pt; background-image: initial; background-position: initial; background-size: initial; background-repeat: initial; background-attachment: initial; background-origin: initial; background-clip: initial;\"><span style=\"font-family: Arial, sans-serif;\">Sarl Pla\u2019net Green Capital de 5000\u20ac Siret 75030441200018 NAF APE 4520A RCS\/RM Rouen B 750 304 412<\/span><\/p><p style=\"margin: 0cm 0cm 15pt; background-image: initial; background-position: initial; background-size: initial; background-repeat: initial; background-attachment: initial; background-origin: initial; background-clip: initial;\"><b><span style=\"font-family: Arial, sans-serif;\">Num\u00e9ro de TVA :\u00a0<\/span><\/b><span style=\"font-family: Arial, sans-serif;\">FR21750304412<\/span><\/p><p style=\"margin-bottom: 19.2pt; line-height: normal; vertical-align: baseline;\"><span style=\"font-size: 13.5pt; font-family: 'Times New Roman',serif; mso-fareast-font-family: 'Times New Roman'; mso-fareast-language: FR;\">Responsable \u00e9ditorial : Serge Le Masson.<\/span><\/p><p style=\"margin-bottom: 19.2pt; line-height: normal; vertical-align: baseline;\"><span style=\"font-size: 13.5pt; font-family: 'Times New Roman',serif; mso-fareast-font-family: 'Times New Roman'; mso-fareast-language: FR;\">3 r\u00e9sidence du Coteau 76360 Villers Ecalles<\/span><\/p><p style=\"margin: 0cm 0cm 15pt; background-image: initial; background-position: initial; background-size: initial; background-repeat: initial; background-attachment: initial; background-origin: initial; background-clip: initial;\"><b><span style=\"font-family: Arial, sans-serif;\">Email :<\/span><\/b><span style=\"font-family: Arial, sans-serif;\">\u00a0 contact@planetgreen76.com\u00a0\u00a0<\/span><\/p><p style=\"margin-bottom: 19.2pt; line-height: normal; vertical-align: baseline;\"><span style=\"font-size: 13.5pt; font-family: 'Times New Roman',serif; mso-fareast-font-family: 'Times New Roman'; mso-fareast-language: FR;\">Site Web :\u00a0<\/span><a href=\"https:\/\/www.planet-green.fr\/\"><b><span style=\"font-size: 13.5pt; font-family: 'Times New Roman',serif; mso-fareast-font-family: 'Times New Roman'; mso-fareast-language: FR;\">https:\/\/www.planet-green.fr<\/span><\/b><\/a><\/p><p style=\"line-height: normal; mso-outline-level: 2; vertical-align: baseline;\"><b><span style=\"font-size: 18.0pt; font-family: 'Arial',sans-serif; mso-fareast-font-family: 'Times New Roman'; mso-bidi-font-family: 'Times New Roman'; mso-fareast-language: FR;\">H\u00e9bergement<\/span><\/b><\/p><p style=\"margin: 0cm 0cm 15pt; background-image: initial; background-position: initial; background-size: initial; background-repeat: initial; background-attachment: initial; background-origin: initial; background-clip: initial;\"><span style=\"font-family: Arial, sans-serif;\">Hostinger International Ltd. a Cyprus private limited company, legal address, 61 Lordou Vironos st. 6023 Larnaca, the Republic of Cyprus\u00a0<\/span><\/p><p style=\"line-height: normal; mso-outline-level: 2; vertical-align: baseline;\"><b><span style=\"font-size: 18.0pt; font-family: 'Arial',sans-serif; mso-fareast-font-family: 'Times New Roman'; mso-bidi-font-family: 'Times New Roman'; mso-fareast-language: FR;\">D\u00e9veloppement<\/span><\/b><\/p><p style=\"margin-bottom: 19.2pt; line-height: normal; vertical-align: baseline;\"><span style=\"font-size: 13.5pt; font-family: 'Times New Roman',serif; mso-fareast-font-family: 'Times New Roman'; mso-fareast-language: FR;\">Sarl Pla\u2019net Green<\/span><\/p><p style=\"margin-bottom: 19.2pt; line-height: normal; vertical-align: baseline;\"><span style=\"font-size: 13.5pt; font-family: 'Times New Roman',serif; mso-fareast-font-family: 'Times New Roman'; mso-fareast-language: FR;\">3 r\u00e9sidence du Coteau 76360 Villers Ecalles<\/span><\/p><p style=\"margin-bottom: 19.2pt; line-height: normal; vertical-align: baseline;\"><span style=\"font-size: 13.5pt; font-family: 'Times New Roman',serif; mso-fareast-font-family: 'Times New Roman'; mso-fareast-language: FR;\">Site Web :\u00a0<\/span><a href=\"https:\/\/www.planet-green.fr\/\"><b><span style=\"font-size: 13.5pt; font-family: 'Times New Roman',serif; mso-fareast-font-family: 'Times New Roman'; mso-fareast-language: FR;\">https:\/\/www.planet-green.fr<\/span><\/b><\/a><\/p><p style=\"line-height: normal; mso-outline-level: 2; vertical-align: baseline;\"><b><span style=\"font-size: 18.0pt; font-family: 'Arial',sans-serif; mso-fareast-font-family: 'Times New Roman'; mso-bidi-font-family: 'Times New Roman'; mso-fareast-language: FR;\">Conditions d\u2019utilisation<\/span><\/b><\/p><p style=\"margin-bottom: 19.2pt; line-height: normal; vertical-align: baseline;\"><span style=\"font-size: 13.5pt; font-family: 'Times New Roman',serif; mso-fareast-font-family: 'Times New Roman'; mso-fareast-language: FR;\">Ce site est propos\u00e9 en diff\u00e9rents langages web (HTML5, Javascript, CSS, php, etc\u2026) pour un meilleur confort d\u2019utilisation et un graphisme plus agr\u00e9able.<\/span><\/p><p style=\"margin-bottom: 19.2pt; line-height: normal; vertical-align: baseline;\"><span style=\"font-size: 13.5pt; font-family: 'Times New Roman',serif; mso-fareast-font-family: 'Times New Roman'; mso-fareast-language: FR;\">Nous vous recommandons de recourir \u00e0 des navigateurs modernes comme Firefox, Safari, Google Chrome, etc\u2026<\/span><\/p><p style=\"line-height: normal; mso-outline-level: 2; vertical-align: baseline;\"><b><span style=\"font-size: 18.0pt; font-family: 'Arial',sans-serif; mso-fareast-font-family: 'Times New Roman'; mso-bidi-font-family: 'Times New Roman'; mso-fareast-language: FR;\">Cookies<\/span><\/b><\/p><p style=\"margin-bottom: 19.2pt; line-height: normal; vertical-align: baseline;\"><span style=\"font-size: 13.5pt; font-family: 'Times New Roman',serif; mso-fareast-font-family: 'Times New Roman'; mso-fareast-language: FR;\">Le site\u00a0<\/span><a href=\"https:\/\/www.planet-green.fr\/\"><b><span style=\"font-size: 13.5pt; font-family: 'Times New Roman',serif; mso-fareast-font-family: 'Times New Roman'; mso-fareast-language: FR;\">https:\/\/www.planet-green.fr<\/span><\/b><\/a><span style=\"font-size: 13.5pt; font-family: 'Times New Roman',serif; mso-fareast-font-family: 'Times New Roman'; mso-fareast-language: FR;\">peut \u00eatre amen\u00e9 \u00e0 vous demander l\u2019acceptation des cookies pour des besoins de statistiques et d\u2019affichage. Un cookie est une information d\u00e9pos\u00e9e sur votre disque dur par le serveur du site que vous visitez.<\/span><\/p><p style=\"margin-bottom: 19.2pt; line-height: normal; vertical-align: baseline;\"><span style=\"font-size: 13.5pt; font-family: 'Times New Roman',serif; mso-fareast-font-family: 'Times New Roman'; mso-fareast-language: FR;\">Il contient plusieurs donn\u00e9es qui sont stock\u00e9es sur votre ordinateur dans un simple fichier texte auquel un serveur acc\u00e8de pour lire et enregistrer des informations. Certaines parties de ce site ne peuvent \u00eatre fonctionnelles sans l\u2019acceptation de cookies.<\/span><\/p><p style=\"line-height: normal; mso-outline-level: 2; vertical-align: baseline;\"><b><span style=\"font-size: 18.0pt; font-family: 'Arial',sans-serif; mso-fareast-font-family: 'Times New Roman'; mso-bidi-font-family: 'Times New Roman'; mso-fareast-language: FR;\">Liens hypertextes<\/span><\/b><\/p><p style=\"margin-bottom: 19.2pt; line-height: normal; vertical-align: baseline;\"><span style=\"font-size: 13.5pt; font-family: 'Times New Roman',serif; mso-fareast-font-family: 'Times New Roman'; mso-fareast-language: FR;\">Les sites internet peuvent offrir des liens vers d\u2019autres sites internet ou d\u2019autres ressources disponibles sur Internet. Sarl Pla\u2019net Green<b> ne<\/b> dispose d\u2019aucun moyen pour contr\u00f4ler les sites en connexion avec ses sites internet.<\/span><\/p><p style=\"margin-bottom: 19.2pt; line-height: normal; vertical-align: baseline;\"><span style=\"font-size: 13.5pt; font-family: 'Times New Roman',serif; mso-fareast-font-family: 'Times New Roman'; mso-fareast-language: FR;\">Sarl Pla\u2019net Green<b> <\/b>ne r\u00e9pond pas de la disponibilit\u00e9 de tels sites et sources externes, ni ne la garantit. Elle ne peut \u00eatre tenue pour responsable de tout dommage, de quelque nature que ce soit, r\u00e9sultant du contenu de ces sites ou sources externes, et notamment des informations, produits ou services qu\u2019ils proposent, ou de tout usage qui peut \u00eatre fait de ces \u00e9l\u00e9ments. Les risques li\u00e9s \u00e0 cette utilisation incombent pleinement \u00e0 l\u2019internaute, qui doit se conformer \u00e0 leurs conditions d\u2019utilisation.<\/span><\/p><p style=\"margin-bottom: 19.2pt; line-height: normal; vertical-align: baseline;\"><span style=\"font-size: 13.5pt; font-family: 'Times New Roman',serif; mso-fareast-font-family: 'Times New Roman'; mso-fareast-language: FR;\">Les utilisateurs, les abonn\u00e9s et les visiteurs des sites internet ne peuvent pas mettre en place un hyperlien en direction de ce site sans l\u2019autorisation expresse et pr\u00e9alable de la Sarl Pla\u2019net Green<b>.<\/b><\/span><\/p><p style=\"margin-bottom: 19.2pt; line-height: normal; vertical-align: baseline;\"><span style=\"font-size: 13.5pt; font-family: 'Times New Roman',serif; mso-fareast-font-family: 'Times New Roman'; mso-fareast-language: FR;\">Dans l\u2019hypoth\u00e8se o\u00f9 un utilisateur ou visiteur souhaiterait mettre en place un hyperlien en direction d\u2019un des sites internet de la Sarl Pla\u2019net Green<b>\u00a0<\/b>, il lui appartiendra d\u2019adresser un email accessible sur le site afin de formuler sa demande de mise en place d\u2019un hyperlien.<\/span><\/p><p style=\"margin-bottom: 19.2pt; line-height: normal; vertical-align: baseline;\"><span style=\"font-size: 13.5pt; font-family: 'Times New Roman',serif; mso-fareast-font-family: 'Times New Roman'; mso-fareast-language: FR;\">La Sarl Pla\u2019net Green<b> se<\/b> r\u00e9serve le droit d\u2019accepter ou de refuser un hyperlien sans avoir \u00e0 en justifier sa d\u00e9cision.<\/span><\/p><p style=\"line-height: normal; mso-outline-level: 2; vertical-align: baseline;\"><b><span style=\"font-size: 18.0pt; font-family: 'Arial',sans-serif; mso-fareast-font-family: 'Times New Roman'; mso-bidi-font-family: 'Times New Roman'; mso-fareast-language: FR;\">Services fournis<\/span><\/b><\/p><p style=\"margin-bottom: 19.2pt; line-height: normal; vertical-align: baseline;\"><span style=\"font-size: 13.5pt; font-family: 'Times New Roman',serif; mso-fareast-font-family: 'Times New Roman'; mso-fareast-language: FR;\">L\u2019ensemble des activit\u00e9s de la soci\u00e9t\u00e9 ainsi que ses informations sont pr\u00e9sent\u00e9s sur notre site.<\/span><\/p><p style=\"line-height: normal; mso-outline-level: 2; vertical-align: baseline;\"><b><span style=\"font-size: 18.0pt; font-family: 'Arial',sans-serif; mso-fareast-font-family: 'Times New Roman'; mso-bidi-font-family: 'Times New Roman'; mso-fareast-language: FR;\">Limitation contractuelle sur les donn\u00e9es<\/span><\/b><\/p><p style=\"margin-bottom: 19.2pt; line-height: normal; vertical-align: baseline;\"><span style=\"font-size: 13.5pt; font-family: 'Times New Roman',serif; mso-fareast-font-family: 'Times New Roman'; mso-fareast-language: FR;\">Les informations contenues sur ce site sont aussi pr\u00e9cises que possible et le site est remis \u00e0 jour \u00e0 diff\u00e9rentes p\u00e9riodes de l\u2019ann\u00e9e, mais peut toutefois contenir des inexactitudes ou des omissions.<\/span><\/p><p style=\"margin-bottom: 19.2pt; line-height: normal; vertical-align: baseline;\"><span style=\"font-size: 13.5pt; font-family: 'Times New Roman',serif; mso-fareast-font-family: 'Times New Roman'; mso-fareast-language: FR;\">Tout contenu t\u00e9l\u00e9charg\u00e9 se fait aux risques et p\u00e9rils de l\u2019utilisateur et sous sa seule responsabilit\u00e9. En cons\u00e9quence, ne saurait \u00eatre tenu responsable d\u2019un quelconque dommage subi par l\u2019ordinateur de l\u2019utilisateur ou d\u2019une quelconque perte de donn\u00e9es cons\u00e9cutives au t\u00e9l\u00e9chargement.<\/span><\/p><p style=\"margin-bottom: 19.2pt; line-height: normal; vertical-align: baseline;\"><span style=\"font-size: 13.5pt; font-family: 'Times New Roman',serif; mso-fareast-font-family: 'Times New Roman'; mso-fareast-language: FR;\">De plus, l\u2019utilisateur du site s\u2019engage \u00e0 acc\u00e9der au site en utilisant un mat\u00e9riel r\u00e9cent, ne contenant pas de virus et avec un navigateur de derni\u00e8re g\u00e9n\u00e9ration mis-\u00e0-jour.<\/span><\/p><p style=\"margin-bottom: 19.2pt; line-height: normal; vertical-align: baseline;\"><span style=\"font-size: 13.5pt; font-family: 'Times New Roman',serif; mso-fareast-font-family: 'Times New Roman'; mso-fareast-language: FR;\">Les liens hypertextes mis en place dans le cadre du pr\u00e9sent site internet en direction d\u2019autres ressources pr\u00e9sentes sur le r\u00e9seau Internet ne sauraient engager la responsabilit\u00e9 de Sarl Pla\u2019net Green<b>\u00a0<\/b>.<\/span><\/p><p style=\"line-height: normal; mso-outline-level: 2; vertical-align: baseline;\"><b><span style=\"font-size: 18.0pt; font-family: 'Arial',sans-serif; mso-fareast-font-family: 'Times New Roman'; mso-bidi-font-family: 'Times New Roman'; mso-fareast-language: FR;\">D\u00e9claration \u00e0 la CNIL<\/span><\/b><\/p><p style=\"margin-bottom: 19.2pt; line-height: normal; vertical-align: baseline;\"><span style=\"font-size: 13.5pt; font-family: 'Times New Roman',serif; mso-fareast-font-family: 'Times New Roman'; mso-fareast-language: FR;\">Conform\u00e9ment \u00e0 la loi 78-17 du 6 janvier 1978 (modifi\u00e9e par la loi 2004-801 du 6 ao\u00fbt 2004 relative \u00e0 la protection des personnes physiques \u00e0 l\u2019\u00e9gard des traitements de donn\u00e9es \u00e0 caract\u00e8re personnel) relative \u00e0 l\u2019informatique, aux fichiers et aux libert\u00e9s, ce site a fait l\u2019objet d\u2019une d\u00e9claration 1656629 aupr\u00e8s de la Commission nationale de l\u2019informatique et des libert\u00e9s (<\/span><a href=\"https:\/\/www.cnil.fr\/\"><b><span style=\"font-size: 13.5pt; font-family: 'Times New Roman', serif; color: #c6b390;\">www.cnil.fr<\/span><\/b><\/a><span style=\"font-size: 13.5pt; font-family: 'Times New Roman',serif; mso-fareast-font-family: 'Times New Roman'; mso-fareast-language: FR;\">).<\/span><\/p><p style=\"line-height: normal; mso-outline-level: 2; vertical-align: baseline;\"><b><span style=\"font-size: 18.0pt; font-family: 'Arial',sans-serif; mso-fareast-font-family: 'Times New Roman'; mso-bidi-font-family: 'Times New Roman'; mso-fareast-language: FR;\">Donn\u00e9es personnelles<\/span><\/b><\/p><p style=\"margin-bottom: 19.2pt; line-height: normal; vertical-align: baseline;\"><span style=\"font-size: 13.5pt; font-family: 'Times New Roman',serif; mso-fareast-font-family: 'Times New Roman'; mso-fareast-language: FR;\">De mani\u00e8re g\u00e9n\u00e9rale, vous n\u2019\u00eates pas tenu de nous communiquer vos donn\u00e9es personnelles lorsque vous visitez notre site Internet<\/span><\/p><p style=\"margin-bottom: 19.2pt; line-height: normal; vertical-align: baseline;\"><a href=\"https:\/\/www.planet-green.fr\/\"><b><span style=\"font-size: 13.5pt; font-family: 'Times New Roman',serif; mso-fareast-font-family: 'Times New Roman'; mso-fareast-language: FR;\">https:\/\/www.planet-green.fr<\/span><\/b><\/a><\/p><p style=\"margin-bottom: 19.2pt; line-height: normal; vertical-align: baseline;\"><span style=\"font-size: 13.5pt; font-family: 'Times New Roman',serif; mso-fareast-font-family: 'Times New Roman'; mso-fareast-language: FR;\">Cependant, ce principe comporte certaines exceptions. En effet, pour certains services propos\u00e9s par notre site, vous pouvez \u00eatre amen\u00e9s \u00e0 nous communiquer certaines donn\u00e9es telles que : votre nom, votre pr\u00e9nom, le nom de votre soci\u00e9t\u00e9, votre adresse \u00e9lectronique, et votre num\u00e9ro de t\u00e9l\u00e9phone. Tel est le cas lorsque vous remplissez le formulaire qui vous est propos\u00e9 en ligne, dans la rubrique\u00a0<\/span><a href=\"https:\/\/www.lesgantsblancs.fr\/contact\/\"><b><span style=\"font-size: 13.5pt; font-family: 'Times New Roman', serif; color: red;\">contact<\/span><\/b><\/a><span style=\"font-size: 13.5pt; font-family: 'Times New Roman',serif; mso-fareast-font-family: 'Times New Roman'; mso-fareast-language: FR;\">.<\/span><\/p><p style=\"margin-bottom: 19.2pt; line-height: normal; vertical-align: baseline;\"><span style=\"font-size: 13.5pt; font-family: 'Times New Roman',serif; mso-fareast-font-family: 'Times New Roman'; mso-fareast-language: FR;\">\u00a0<\/span><\/p><p style=\"margin-bottom: 19.2pt; line-height: normal; vertical-align: baseline;\"><span style=\"font-size: 13.5pt; font-family: 'Times New Roman',serif; mso-fareast-font-family: 'Times New Roman'; mso-fareast-language: FR;\">Dans tous les cas, vous pouvez refuser de fournir vos donn\u00e9es personnelles. Dans ce cas, vous ne pourrez pas utiliser les services du site, notamment celui de solliciter des renseignements sur notre soci\u00e9t\u00e9, ou de recevoir les lettres d\u2019information.<\/span><\/p><p style=\"margin-bottom: 19.2pt; line-height: normal; vertical-align: baseline;\"><span style=\"font-size: 13.5pt; font-family: 'Times New Roman',serif; mso-fareast-font-family: 'Times New Roman'; mso-fareast-language: FR;\">Enfin, nous pouvons collecter de mani\u00e8re automatique certaines informations vous concernant lors d\u2019une simple navigation sur notre site internet, notamment : des informations concernant l\u2019utilisation de notre site, comme les zones que vous visitez et les services auxquels vous acc\u00e9dez, votre adresse IP, le type de votre navigateur, vos temps d\u2019acc\u00e8s.<\/span><\/p><p style=\"margin-bottom: 19.2pt; line-height: normal; vertical-align: baseline;\"><span style=\"font-size: 13.5pt; font-family: 'Times New Roman',serif; mso-fareast-font-family: 'Times New Roman'; mso-fareast-language: FR;\">De telles informations sont utilis\u00e9es exclusivement \u00e0 des fins de statistiques internes, de mani\u00e8re \u00e0 am\u00e9liorer la qualit\u00e9 des services qui vous sont propos\u00e9s. Les bases de donn\u00e9es sont prot\u00e9g\u00e9es par les dispositions de la loi du 1er juillet 1998 transposant la directive 96\/9 du 11 mars 1996 relative \u00e0 la protection juridique des bases de donn\u00e9es.<\/span><\/p>\t\t\t\t\t\t\t\t<\/div>\n\t\t\t\t<\/div>\n\t\t\t\t\t<\/div>\n\t\t<\/div>\n\t\t\t\t\t<\/div>\n\t\t<\/section>\n\t\t\t\t<\/div>\n\t\t","protected":false},"excerpt":{"rendered":"<p>Merci de lire avec attention les diff\u00e9rentes modalit\u00e9s d\u2019utilisation du pr\u00e9sent site avant d\u2019y parcourir ses pages. En vous connectant sur ce site, vous acceptez, sans r\u00e9serve, les pr\u00e9sentes modalit\u00e9s. Aussi, conform\u00e9ment \u00e0 l\u2019article n\u00b06 de la Loi n\u00b02004-575 du 21 Juin 2004 pour la confiance dans l\u2019\u00e9conomie num\u00e9rique, les responsables du pr\u00e9sent site internet\u00a0https:\/\/www.planet-green.fr\u00a0sont &hellip; <\/p>\n<p class=\"link-more\"><a href=\"https:\/\/planet-green.fr\/?page_id=231\" class=\"more-link\">Lire la suite de<span class=\"screen-reader-text\">\u00ab\u00a0Mentions l\u00e9gales\u00a0\u00bb<\/span><\/a><\/p>\n","protected":false},"author":1,"featured_media":0,"parent":0,"menu_order":0,"comment_status":"closed","ping_status":"closed","template":"","meta":{"om_disable_all_campaigns":false,"_monsterinsights_skip_tracking":false,"_monsterinsights_sitenote_active":false,"_monsterinsights_sitenote_note":"","_monsterinsights_sitenote_category":0,"footnotes":""},"aioseo_notices":[],"_links":{"self":[{"href":"https:\/\/planet-green.fr\/index.php?rest_route=\/wp\/v2\/pages\/231"}],"collection":[{"href":"https:\/\/planet-green.fr\/index.php?rest_route=\/wp\/v2\/pages"}],"about":[{"href":"https:\/\/planet-green.fr\/index.php?rest_route=\/wp\/v2\/types\/page"}],"author":[{"embeddable":true,"href":"https:\/\/planet-green.fr\/index.php?rest_route=\/wp\/v2\/users\/1"}],"replies":[{"embeddable":true,"href":"https:\/\/planet-green.fr\/index.php?rest_route=%2Fwp%2Fv2%2Fcomments&post=231"}],"version-history":[{"count":16,"href":"https:\/\/planet-green.fr\/index.php?rest_route=\/wp\/v2\/pages\/231\/revisions"}],"predecessor-version":[{"id":482,"href":"https:\/\/planet-green.fr\/index.php?rest_route=\/wp\/v2\/pages\/231\/revisions\/482"}],"wp:attachment":[{"href":"https:\/\/planet-green.fr\/index.php?rest_route=%2Fwp%2Fv2%2Fmedia&parent=231"}],"curies":[{"name":"wp","href":"https:\/\/api.w.org\/{rel}","templated":true}]}}