{"id":76,"date":"2022-06-30T14:01:47","date_gmt":"2022-06-30T12:01:47","guid":{"rendered":"https:\/\/planet-green.fr\/?page_id=76"},"modified":"2022-11-22T20:36:01","modified_gmt":"2022-11-22T18:36:01","slug":"desinfection","status":"publish","type":"page","link":"https:\/\/planet-green.fr\/?page_id=76","title":{"rendered":"D\u00e9sinfection"},"content":{"rendered":"\t\t<div data-elementor-type=\"wp-page\" data-elementor-id=\"76\" class=\"elementor elementor-76\" data-elementor-post-type=\"page\">\n\t\t\t\t\t\t<section class=\"elementor-section elementor-top-section elementor-element elementor-element-14108e5 elementor-section-boxed elementor-section-height-default elementor-section-height-default\" data-id=\"14108e5\" data-element_type=\"section\">\n\t\t\t\t\t\t<div class=\"elementor-container elementor-column-gap-default\">\n\t\t\t\t\t<div class=\"elementor-column elementor-col-100 elementor-top-column elementor-element elementor-element-da09a60\" data-id=\"da09a60\" data-element_type=\"column\">\n\t\t\t<div class=\"elementor-widget-wrap elementor-element-populated\">\n\t\t\t\t\t\t<div class=\"elementor-element elementor-element-5c494a6 elementor-widget elementor-widget-text-editor\" data-id=\"5c494a6\" data-element_type=\"widget\" data-widget_type=\"text-editor.default\">\n\t\t\t\t<div class=\"elementor-widget-container\">\n\t\t\t\t\t\t\t\t\t<p>La vapeur a des qualit\u00e9s de destruction de bact\u00e9ries, de virus, de punaises de lit, de gales, etc.<\/p>\n<p>Nous intervenons r\u00e9guli\u00e8rement pour les femmes qui attendent un b\u00e9b\u00e9 pour d\u00e9sinfecter et nettoyer leurs v\u00e9hicules sans utiliser de produits chimiques.<\/p>\n<p>Nous sommes sp\u00e9cialistes de la d\u00e9sinfection et du d\u00e9tachage du sang, de l&rsquo;urine et des vomissures.<\/p>\t\t\t\t\t\t\t\t<\/div>\n\t\t\t\t<\/div>\n\t\t\t\t<div class=\"elementor-element elementor-element-341ffdf elementor-widget elementor-widget-video\" data-id=\"341ffdf\" data-element_type=\"widget\" data-settings=\"{&quot;youtube_url&quot;:&quot;https:\\\/\\\/www.youtube.com\\\/watch?v=GUhSgIW0tI4&amp;t=1s&quot;,&quot;video_type&quot;:&quot;youtube&quot;,&quot;controls&quot;:&quot;yes&quot;}\" data-widget_type=\"video.default\">\n\t\t\t\t<div class=\"elementor-widget-container\">\n\t\t\t\t\t\t\t<div class=\"elementor-wrapper elementor-open-inline\">\n\t\t\t<div class=\"elementor-video\"><\/div>\t\t<\/div>\n\t\t\t\t\t\t<\/div>\n\t\t\t\t<\/div>\n\t\t\t\t\t<\/div>\n\t\t<\/div>\n\t\t\t\t\t<\/div>\n\t\t<\/section>\n\t\t\t\t<section class=\"elementor-section elementor-top-section elementor-element elementor-element-96dd9be elementor-section-boxed elementor-section-height-default elementor-section-height-default\" data-id=\"96dd9be\" data-element_type=\"section\">\n\t\t\t\t\t\t<div class=\"elementor-container elementor-column-gap-default\">\n\t\t\t\t\t<div class=\"elementor-column elementor-col-100 elementor-top-column elementor-element elementor-element-a832a21\" data-id=\"a832a21\" data-element_type=\"column\">\n\t\t\t<div class=\"elementor-widget-wrap elementor-element-populated\">\n\t\t\t\t\t\t<div class=\"elementor-element elementor-element-d05bb9c elementor-widget elementor-widget-text-editor\" data-id=\"d05bb9c\" data-element_type=\"widget\" data-widget_type=\"text-editor.default\">\n\t\t\t\t<div class=\"elementor-widget-container\">\n\t\t\t\t\t\t\t\t\t<p>Nous nous occupons \u00e9galement de la destruction d&rsquo;odeurs telles que le tabac.<\/p>\t\t\t\t\t\t\t\t<\/div>\n\t\t\t\t<\/div>\n\t\t\t\t<div class=\"elementor-element elementor-element-1519de2 elementor-widget elementor-widget-video\" data-id=\"1519de2\" data-element_type=\"widget\" data-settings=\"{&quot;youtube_url&quot;:&quot;https:\\\/\\\/www.youtube.com\\\/watch?v=x53HDQPCyFw&quot;,&quot;video_type&quot;:&quot;youtube&quot;,&quot;controls&quot;:&quot;yes&quot;}\" data-widget_type=\"video.default\">\n\t\t\t\t<div class=\"elementor-widget-container\">\n\t\t\t\t\t\t\t<div class=\"elementor-wrapper elementor-open-inline\">\n\t\t\t<div class=\"elementor-video\"><\/div>\t\t<\/div>\n\t\t\t\t\t\t<\/div>\n\t\t\t\t<\/div>\n\t\t\t\t\t<\/div>\n\t\t<\/div>\n\t\t\t\t\t<\/div>\n\t\t<\/section>\n\t\t\t\t<\/div>\n\t\t","protected":false},"excerpt":{"rendered":"<p>La vapeur a des qualit\u00e9s de destruction de bact\u00e9ries, de virus, de punaises de lit, de gales, etc. Nous intervenons r\u00e9guli\u00e8rement pour les femmes qui attendent un b\u00e9b\u00e9 pour d\u00e9sinfecter et nettoyer leurs v\u00e9hicules sans utiliser de produits chimiques. Nous sommes sp\u00e9cialistes de la d\u00e9sinfection et du d\u00e9tachage du sang, de l&rsquo;urine et des vomissures. &hellip; <\/p>\n<p class=\"link-more\"><a href=\"https:\/\/planet-green.fr\/?page_id=76\" class=\"more-link\">Lire la suite de<span class=\"screen-reader-text\">\u00ab\u00a0D\u00e9sinfection\u00a0\u00bb<\/span><\/a><\/p>\n","protected":false},"author":1,"featured_media":0,"parent":0,"menu_order":0,"comment_status":"closed","ping_status":"closed","template":"","meta":{"om_disable_all_campaigns":false,"_monsterinsights_skip_tracking":false,"_monsterinsights_sitenote_active":false,"_monsterinsights_sitenote_note":"","_monsterinsights_sitenote_category":0,"footnotes":""},"aioseo_notices":[],"_links":{"self":[{"href":"https:\/\/planet-green.fr\/index.php?rest_route=\/wp\/v2\/pages\/76"}],"collection":[{"href":"https:\/\/planet-green.fr\/index.php?rest_route=\/wp\/v2\/pages"}],"about":[{"href":"https:\/\/planet-green.fr\/index.php?rest_route=\/wp\/v2\/types\/page"}],"author":[{"embeddable":true,"href":"https:\/\/planet-green.fr\/index.php?rest_route=\/wp\/v2\/users\/1"}],"replies":[{"embeddable":true,"href":"https:\/\/planet-green.fr\/index.php?rest_route=%2Fwp%2Fv2%2Fcomments&post=76"}],"version-history":[{"count":15,"href":"https:\/\/planet-green.fr\/index.php?rest_route=\/wp\/v2\/pages\/76\/revisions"}],"predecessor-version":[{"id":506,"href":"https:\/\/planet-green.fr\/index.php?rest_route=\/wp\/v2\/pages\/76\/revisions\/506"}],"wp:attachment":[{"href":"https:\/\/planet-green.fr\/index.php?rest_route=%2Fwp%2Fv2%2Fmedia&parent=76"}],"curies":[{"name":"wp","href":"https:\/\/api.w.org\/{rel}","templated":true}]}}